{"id":390,"date":"2023-10-03T21:36:25","date_gmt":"2023-10-04T00:36:25","guid":{"rendered":"https:\/\/aparecida.facmais.edu.br\/site\/?page_id=390"},"modified":"2025-01-29T16:33:29","modified_gmt":"2025-01-29T19:33:29","slug":"missao-e-visao","status":"publish","type":"page","link":"https:\/\/aparecida.facmais.edu.br\/site\/index.php\/missao-e-visao\/","title":{"rendered":"Miss\u00e3o e Vis\u00e3o"},"content":{"rendered":"\t\t<div data-elementor-type=\"wp-page\" data-elementor-id=\"390\" class=\"elementor elementor-390\" data-elementor-post-type=\"page\">\n\t\t\t\t<div class=\"elementor-element elementor-element-2c460e3 e-flex e-con-boxed e-con e-parent\" data-id=\"2c460e3\" data-element_type=\"container\">\n\t\t\t\t\t<div class=\"e-con-inner\">\n\t\t\t\t<div class=\"elementor-element elementor-element-51a9445 elementor-widget elementor-widget-image\" data-id=\"51a9445\" data-element_type=\"widget\" data-widget_type=\"image.default\">\n\t\t\t\t<div class=\"elementor-widget-container\">\n\t\t\t\t\t\t\t\t\t\t\t\t\t\t\t<img fetchpriority=\"high\" decoding=\"async\" width=\"500\" height=\"155\" src=\"https:\/\/aparecida.facmais.edu.br\/site\/wp-content\/uploads\/2023\/09\/logo_sisi.png\" class=\"attachment-large size-large wp-image-1293\" alt=\"\" srcset=\"https:\/\/aparecida.facmais.edu.br\/site\/wp-content\/uploads\/2023\/09\/logo_sisi.png 500w, https:\/\/aparecida.facmais.edu.br\/site\/wp-content\/uploads\/2023\/09\/logo_sisi-300x93.png 300w\" sizes=\"(max-width: 500px) 100vw, 500px\" \/>\t\t\t\t\t\t\t\t\t\t\t\t\t\t\t<\/div>\n\t\t\t\t<\/div>\n\t\t\t\t<div class=\"elementor-element elementor-element-7853029 elementor-widget elementor-widget-text-editor\" data-id=\"7853029\" data-element_type=\"widget\" data-widget_type=\"text-editor.default\">\n\t\t\t\t<div class=\"elementor-widget-container\">\n\t\t\t\t\t\t\t\t\t<p>A <strong>FacMais<\/strong> nasceu com a miss\u00e3o de oferecer educa\u00e7\u00e3o de qualidade, acess\u00edvel e inovadora, transformando vidas por meio do conhecimento. Desde sua funda\u00e7\u00e3o, a institui\u00e7\u00e3o tem se destacado no cen\u00e1rio educacional, formando profissionais capacitados e comprometidos com o mercado de trabalho.<\/p><p>Com uma estrutura moderna e metodologias de ensino din\u00e2micas, a FacMais busca proporcionar uma experi\u00eancia acad\u00eamica diferenciada, aliando teoria e pr\u00e1tica para que seus alunos estejam preparados para os desafios do futuro. Ao longo dos anos, ampliamos nossa grade de cursos, firmamos parcerias estrat\u00e9gicas e investimos constantemente em tecnologia e inova\u00e7\u00e3o, sempre com foco na excel\u00eancia acad\u00eamica.<\/p><p>Nosso compromisso com a educa\u00e7\u00e3o vai al\u00e9m das salas de aula. A FacMais acredita no impacto social do ensino e na import\u00e2ncia de formar cidad\u00e3os cr\u00edticos e atuantes na sociedade. Por isso, seguimos evoluindo, sempre guiados pelos valores de \u00e9tica, qualidade e responsabilidade educacional.<\/p><p>Com um corpo docente altamente qualificado e uma abordagem que prioriza a aprendizagem cont\u00ednua, seguimos nossa trajet\u00f3ria de sucesso, consolidando a FacMais como refer\u00eancia no ensino superior e contribuindo para o desenvolvimento pessoal e profissional de nossos estudantes.<\/p>\t\t\t\t\t\t\t\t<\/div>\n\t\t\t\t<\/div>\n\t\t\t\t\t<\/div>\n\t\t\t\t<\/div>\n\t\t\t\t<\/div>\n\t\t","protected":false},"excerpt":{"rendered":"<p>A FacMais nasceu com a miss\u00e3o de oferecer educa\u00e7\u00e3o de qualidade, acess\u00edvel e inovadora, transformando vidas por meio do conhecimento. Desde sua funda\u00e7\u00e3o, a institui\u00e7\u00e3o tem se destacado no cen\u00e1rio educacional, formando profissionais capacitados e comprometidos com o mercado de trabalho. Com uma estrutura moderna e metodologias de ensino din\u00e2micas, a FacMais busca proporcionar uma [&hellip;]<\/p>\n","protected":false},"author":2,"featured_media":0,"parent":0,"menu_order":0,"comment_status":"closed","ping_status":"closed","template":"elementor_header_footer","meta":{"footnotes":""},"class_list":["post-390","page","type-page","status-publish","hentry"],"_links":{"self":[{"href":"https:\/\/aparecida.facmais.edu.br\/site\/index.php\/wp-json\/wp\/v2\/pages\/390","targetHints":{"allow":["GET"]}}],"collection":[{"href":"https:\/\/aparecida.facmais.edu.br\/site\/index.php\/wp-json\/wp\/v2\/pages"}],"about":[{"href":"https:\/\/aparecida.facmais.edu.br\/site\/index.php\/wp-json\/wp\/v2\/types\/page"}],"author":[{"embeddable":true,"href":"https:\/\/aparecida.facmais.edu.br\/site\/index.php\/wp-json\/wp\/v2\/users\/2"}],"replies":[{"embeddable":true,"href":"https:\/\/aparecida.facmais.edu.br\/site\/index.php\/wp-json\/wp\/v2\/comments?post=390"}],"version-history":[{"count":10,"href":"https:\/\/aparecida.facmais.edu.br\/site\/index.php\/wp-json\/wp\/v2\/pages\/390\/revisions"}],"predecessor-version":[{"id":1444,"href":"https:\/\/aparecida.facmais.edu.br\/site\/index.php\/wp-json\/wp\/v2\/pages\/390\/revisions\/1444"}],"wp:attachment":[{"href":"https:\/\/aparecida.facmais.edu.br\/site\/index.php\/wp-json\/wp\/v2\/media?parent=390"}],"curies":[{"name":"wp","href":"https:\/\/api.w.org\/{rel}","templated":true}]}}