{"id":564,"date":"2024-07-24T19:01:58","date_gmt":"2024-07-24T22:01:58","guid":{"rendered":"https:\/\/aparecida.facmais.edu.br\/site\/?page_id=564"},"modified":"2025-01-29T19:57:16","modified_gmt":"2025-01-29T22:57:16","slug":"cpa","status":"publish","type":"page","link":"https:\/\/aparecida.facmais.edu.br\/site\/index.php\/cpa\/","title":{"rendered":"CPA"},"content":{"rendered":"\t\t<div data-elementor-type=\"wp-page\" data-elementor-id=\"564\" class=\"elementor elementor-564\" data-elementor-post-type=\"page\">\n\t\t\t\t<div class=\"elementor-element elementor-element-2c460e3 e-flex e-con-boxed e-con e-parent\" data-id=\"2c460e3\" data-element_type=\"container\">\n\t\t\t\t\t<div class=\"e-con-inner\">\n\t\t\t\t\t<\/div>\n\t\t\t\t<\/div>\n\t\t<div class=\"elementor-element elementor-element-db405e5 e-flex e-con-boxed e-con e-parent\" data-id=\"db405e5\" data-element_type=\"container\">\n\t\t\t\t\t<div class=\"e-con-inner\">\n\t\t<div class=\"elementor-element elementor-element-518fbee e-flex e-con-boxed e-con e-child\" data-id=\"518fbee\" data-element_type=\"container\">\n\t\t\t\t\t<div class=\"e-con-inner\">\n\t\t\t\t<div class=\"elementor-element elementor-element-2958950 elementor-widget elementor-widget-heading\" data-id=\"2958950\" data-element_type=\"widget\" data-widget_type=\"heading.default\">\n\t\t\t\t<div class=\"elementor-widget-container\">\n\t\t\t\t\t<h2 class=\"elementor-heading-title elementor-size-default\">Comiss\u00e3o Pr\u00f3pria de Avalia\u00e7\u00e3o (CPA) da FacMais<\/h2>\t\t\t\t<\/div>\n\t\t\t\t<\/div>\n\t\t\t\t\t<\/div>\n\t\t\t\t<\/div>\n\t\t<div class=\"elementor-element elementor-element-4660207 e-flex e-con-boxed e-con e-child\" data-id=\"4660207\" data-element_type=\"container\">\n\t\t\t\t\t<div class=\"e-con-inner\">\n\t\t\t\t<div class=\"elementor-element elementor-element-adb1c19 elementor-widget elementor-widget-text-editor\" data-id=\"adb1c19\" data-element_type=\"widget\" data-widget_type=\"text-editor.default\">\n\t\t\t\t<div class=\"elementor-widget-container\">\n\t\t\t\t\t\t\t\t\t<p>A <strong>Comiss\u00e3o Pr\u00f3pria de Avalia\u00e7\u00e3o (CPA)<\/strong>, designada pela Dire\u00e7\u00e3o da <strong>Faculdade Mais de Aparecida de Goi\u00e2nia \u2013 FacMais<\/strong>, \u00e9 respons\u00e1vel por coordenar, planejar, implantar e desenvolver a\u00e7\u00f5es voltadas \u00e0 <strong>Autoavalia\u00e7\u00e3o Institucional<\/strong>, conforme as diretrizes estabelecidas pela <strong>Comiss\u00e3o Nacional de Avalia\u00e7\u00e3o do Ensino Superior (CONAES)<\/strong>.<\/p><p>Seu principal objetivo \u00e9 fornecer <strong>dados estat\u00edsticos e anal\u00edticos<\/strong> que possibilitem uma reflex\u00e3o aprofundada sobre a pr\u00e1tica institucional, permitindo \u00e0 institui\u00e7\u00e3o reconhecer seus <strong>pontos fortes<\/strong>, identificar <strong>fragilidades e oportunidades de melhoria<\/strong>, e adotar <strong>medidas corretivas e estrat\u00e9gias de aprimoramento<\/strong>. Dessa forma, a CPA n\u00e3o apenas cumpre as exig\u00eancias legais, mas tamb\u00e9m impulsiona o desenvolvimento da qualidade acad\u00eamica, garantindo maior <strong>satisfa\u00e7\u00e3o de discentes, docentes e de toda a comunidade acad\u00eamica<\/strong>.<\/p>\t\t\t\t\t\t\t\t<\/div>\n\t\t\t\t<\/div>\n\t\t\t\t\t<\/div>\n\t\t\t\t<\/div>\n\t\t\t\t\t<\/div>\n\t\t\t\t<\/div>\n\t\t\t\t<\/div>\n\t\t","protected":false},"excerpt":{"rendered":"<p>Comiss\u00e3o Pr\u00f3pria de Avalia\u00e7\u00e3o (CPA) da FacMais A Comiss\u00e3o Pr\u00f3pria de Avalia\u00e7\u00e3o (CPA), designada pela Dire\u00e7\u00e3o da Faculdade Mais de Aparecida de Goi\u00e2nia \u2013 FacMais, \u00e9 respons\u00e1vel por coordenar, planejar, implantar e desenvolver a\u00e7\u00f5es voltadas \u00e0 Autoavalia\u00e7\u00e3o Institucional, conforme as diretrizes estabelecidas pela Comiss\u00e3o Nacional de Avalia\u00e7\u00e3o do Ensino Superior (CONAES). Seu principal objetivo \u00e9 [&hellip;]<\/p>\n","protected":false},"author":2,"featured_media":0,"parent":0,"menu_order":0,"comment_status":"closed","ping_status":"closed","template":"elementor_header_footer","meta":{"footnotes":""},"class_list":["post-564","page","type-page","status-publish","hentry"],"_links":{"self":[{"href":"https:\/\/aparecida.facmais.edu.br\/site\/index.php\/wp-json\/wp\/v2\/pages\/564","targetHints":{"allow":["GET"]}}],"collection":[{"href":"https:\/\/aparecida.facmais.edu.br\/site\/index.php\/wp-json\/wp\/v2\/pages"}],"about":[{"href":"https:\/\/aparecida.facmais.edu.br\/site\/index.php\/wp-json\/wp\/v2\/types\/page"}],"author":[{"embeddable":true,"href":"https:\/\/aparecida.facmais.edu.br\/site\/index.php\/wp-json\/wp\/v2\/users\/2"}],"replies":[{"embeddable":true,"href":"https:\/\/aparecida.facmais.edu.br\/site\/index.php\/wp-json\/wp\/v2\/comments?post=564"}],"version-history":[{"count":10,"href":"https:\/\/aparecida.facmais.edu.br\/site\/index.php\/wp-json\/wp\/v2\/pages\/564\/revisions"}],"predecessor-version":[{"id":1516,"href":"https:\/\/aparecida.facmais.edu.br\/site\/index.php\/wp-json\/wp\/v2\/pages\/564\/revisions\/1516"}],"wp:attachment":[{"href":"https:\/\/aparecida.facmais.edu.br\/site\/index.php\/wp-json\/wp\/v2\/media?parent=564"}],"curies":[{"name":"wp","href":"https:\/\/api.w.org\/{rel}","templated":true}]}}